{"id":218,"date":"2022-02-24T16:48:41","date_gmt":"2022-02-24T16:48:41","guid":{"rendered":"https:\/\/ohrabrenje.hr\/?page_id=218"},"modified":"2022-02-24T17:03:37","modified_gmt":"2022-02-24T17:03:37","slug":"poveznice","status":"publish","type":"page","link":"https:\/\/ohrabrenje.hr\/?page_id=218","title":{"rendered":"Poveznice"},"content":{"rendered":"<p><a href=\"https:\/\/www.katecheten-verein.de\/\" target=\"_blank\" rel=\"noopener\"><strong>Njema\u010dko katehetsko dru\u0161tvo<\/strong><\/a><\/p>\n<hr \/>\n<p><a href=\"https:\/\/nku.hbk.hr\/\" target=\"_blank\" rel=\"noopener\"><strong>Nacionalni katehetski ured HBK<\/strong><\/a><\/p>\n<p><a href=\"http:\/\/www.vjeronauk.hr\/\" target=\"_blank\" rel=\"noopener\"><strong>Ured za vjeronauk u \u0161koli &#8211; zagreba\u010dke nadbiskupije<\/strong><\/a><\/p>\n","protected":false},"excerpt":{"rendered":"<p>Njema\u010dko katehetsko dru\u0161tvo Nacionalni katehetski ured HBK Ured za vjeronauk u \u0161koli &#8211; zagreba\u010dke nadbiskupije<\/p>\n","protected":false},"author":1,"featured_media":0,"parent":0,"menu_order":0,"comment_status":"closed","ping_status":"closed","template":"","meta":{"footnotes":""},"class_list":["post-218","page","type-page","status-publish","hentry"],"_links":{"self":[{"href":"https:\/\/ohrabrenje.hr\/index.php?rest_route=\/wp\/v2\/pages\/218","targetHints":{"allow":["GET"]}}],"collection":[{"href":"https:\/\/ohrabrenje.hr\/index.php?rest_route=\/wp\/v2\/pages"}],"about":[{"href":"https:\/\/ohrabrenje.hr\/index.php?rest_route=\/wp\/v2\/types\/page"}],"author":[{"embeddable":true,"href":"https:\/\/ohrabrenje.hr\/index.php?rest_route=\/wp\/v2\/users\/1"}],"replies":[{"embeddable":true,"href":"https:\/\/ohrabrenje.hr\/index.php?rest_route=%2Fwp%2Fv2%2Fcomments&post=218"}],"version-history":[{"count":7,"href":"https:\/\/ohrabrenje.hr\/index.php?rest_route=\/wp\/v2\/pages\/218\/revisions"}],"predecessor-version":[{"id":229,"href":"https:\/\/ohrabrenje.hr\/index.php?rest_route=\/wp\/v2\/pages\/218\/revisions\/229"}],"wp:attachment":[{"href":"https:\/\/ohrabrenje.hr\/index.php?rest_route=%2Fwp%2Fv2%2Fmedia&parent=218"}],"curies":[{"name":"wp","href":"https:\/\/api.w.org\/{rel}","templated":true}]}}