{"id":42,"date":"2021-12-19T10:29:12","date_gmt":"2021-12-19T10:29:12","guid":{"rendered":"https:\/\/ohrabrenje.hr\/?page_id=42"},"modified":"2023-10-02T20:50:45","modified_gmt":"2023-10-02T20:50:45","slug":"tko-smo-mi","status":"publish","type":"page","link":"https:\/\/ohrabrenje.hr\/?page_id=42","title":{"rendered":"Tko smo mi?"},"content":{"rendered":"\r\n<p style=\"text-align: justify;\">Udruga vjerou\u010ditelja Ohrabrenje nastala je na poticaj samih vjerou\u010ditelja \u201ena terenu\u201c, \u017eeljnih bolje me\u0111usobne suradnje i dijaloga, \u201ezajedni\u010darenja\u201c na \u017eivim susretima.<\/p>\r\n<p style=\"text-align: justify;\">Susreti su zapo\u010deli u studenom 2019. kada smo bili pritisnuti dugotrajnim i iscrpljuju\u0107im \u0161trajkom i kad smo jedni u drugima prona\u0161li oslonac i podr\u0161ku.<\/p>\r\n<p style=\"text-align: justify;\">Iz tih susreta rodila se i \u017eelja za osnivanjem civilne udruge vjerou\u010ditelja, kojoj je za cilj \u0161to kvalitetniji dijalog i upoznavanje izme\u0111u samih vjerou\u010ditelja, a onda i otvaranje \u0161to plodonosnije i otvorenije komunikacije s na\u0161im krovnim institucijama, Uredom za vjeronauk u \u0161koli, Katehetskim uredima, Nacionalnim katehetskim uredom HBK, na\u0161im izdava\u010dkim ku\u0107ama KS, Salesiana, Glas koncila.<\/p>\r\n<p style=\"text-align: justify;\">Udruga je registrirana na nacionalnoj razini kako bi bila poticaj i vjerou\u010diteljima drugih \u017eupanija na ve\u0107e otvaranje jednih prema drugima.\u00a0<\/p>\r\n<hr \/>\r\n<p><strong>Za\u0161to se u\u010dlaniti u UV Ohrabrenje?<\/strong><\/p>\r\n<ul>\r\n<li>\u017eelite biti u zajednici vjerou\u010ditelja;<\/li>\r\n<li>\u017eelite razgovarati o temama koje se ti\u010du va\u0161eg poziva i aktualne crkvene situacije;<\/li>\r\n<li>osje\u0107ate potrebu za zajedni\u0161tvom, podr\u0161kom i ohrabrenjem;<\/li>\r\n<li>\u017eelite podijeliti radosti i te\u0161ko\u0107e svoga vjerou\u010diteljskog rada;<\/li>\r\n<li>\u017eelite razgovarati i dijalogizirati o temama koje se ti\u010du evangelizacije, katehizacije\u2026<\/li>\r\n<li>\u017eelite se susretati kao bra\u0107a i sestre u Kristu<\/li>\r\n<li>\u017eelite potaknuti, nadahnuti ili ohrabriti svoje kolege vjerou\u010ditelje;<\/li>\r\n<li>\u017eelite sudjelovati u duhovno-molitvenim susretima;<\/li>\r\n<li>\u017eelite podijeliti svoje iskustvo;<\/li>\r\n<li>\u017eelite pomo\u0107i izgradnju Crkve;<\/li>\r\n<\/ul>\r\n","protected":false},"excerpt":{"rendered":"<p>Udruga vjerou\u010ditelja Ohrabrenje nastala je na poticaj samih vjerou\u010ditelja \u201ena terenu\u201c, \u017eeljnih bolje me\u0111usobne suradnje i dijaloga, \u201ezajedni\u010darenja\u201c na \u017eivim susretima. Susreti su zapo\u010deli u studenom 2019. kada smo bili pritisnuti dugotrajnim i iscrpljuju\u0107im \u0161trajkom i kad smo jedni u drugima prona\u0161li oslonac i podr\u0161ku. Iz tih susreta rodila se i \u017eelja za osnivanjem civilne [&hellip;]<\/p>\n","protected":false},"author":1,"featured_media":0,"parent":0,"menu_order":0,"comment_status":"closed","ping_status":"closed","template":"","meta":{"footnotes":""},"class_list":["post-42","page","type-page","status-publish","hentry"],"_links":{"self":[{"href":"https:\/\/ohrabrenje.hr\/index.php?rest_route=\/wp\/v2\/pages\/42","targetHints":{"allow":["GET"]}}],"collection":[{"href":"https:\/\/ohrabrenje.hr\/index.php?rest_route=\/wp\/v2\/pages"}],"about":[{"href":"https:\/\/ohrabrenje.hr\/index.php?rest_route=\/wp\/v2\/types\/page"}],"author":[{"embeddable":true,"href":"https:\/\/ohrabrenje.hr\/index.php?rest_route=\/wp\/v2\/users\/1"}],"replies":[{"embeddable":true,"href":"https:\/\/ohrabrenje.hr\/index.php?rest_route=%2Fwp%2Fv2%2Fcomments&post=42"}],"version-history":[{"count":8,"href":"https:\/\/ohrabrenje.hr\/index.php?rest_route=\/wp\/v2\/pages\/42\/revisions"}],"predecessor-version":[{"id":485,"href":"https:\/\/ohrabrenje.hr\/index.php?rest_route=\/wp\/v2\/pages\/42\/revisions\/485"}],"wp:attachment":[{"href":"https:\/\/ohrabrenje.hr\/index.php?rest_route=%2Fwp%2Fv2%2Fmedia&parent=42"}],"curies":[{"name":"wp","href":"https:\/\/api.w.org\/{rel}","templated":true}]}}