{"id":5,"date":"2021-12-14T11:28:20","date_gmt":"2021-12-14T11:28:20","guid":{"rendered":"https:\/\/ohrabrenje.hr\/?page_id=5"},"modified":"2026-04-13T05:54:28","modified_gmt":"2026-04-13T05:54:28","slug":"create-your-website-with-blocks","status":"publish","type":"page","link":"https:\/\/ohrabrenje.hr\/","title":{"rendered":"UV Ohrabrenje"},"content":{"rendered":"<p><a href=\"https:\/\/ohrabrenje.hr\/wp-content\/uploads\/2026\/04\/IMG-20260412-WA0005.jpg\"><img loading=\"lazy\" decoding=\"async\" class=\"aligncenter size-medium wp-image-824\" src=\"https:\/\/ohrabrenje.hr\/wp-content\/uploads\/2026\/04\/IMG-20260412-WA0005-300x251.jpg\" alt=\"\" width=\"300\" height=\"251\" srcset=\"https:\/\/ohrabrenje.hr\/wp-content\/uploads\/2026\/04\/IMG-20260412-WA0005-300x251.jpg 300w, https:\/\/ohrabrenje.hr\/wp-content\/uploads\/2026\/04\/IMG-20260412-WA0005-768x644.jpg 768w, https:\/\/ohrabrenje.hr\/wp-content\/uploads\/2026\/04\/IMG-20260412-WA0005.jpg 940w\" sizes=\"auto, (max-width: 300px) 100vw, 300px\" \/><\/a><\/p>\n<hr \/>\n<p><a href=\"https:\/\/ohrabrenje.hr\/wp-content\/uploads\/2026\/03\/IMG-20260312-WA0006.jpg\"><img loading=\"lazy\" decoding=\"async\" class=\"aligncenter size-medium wp-image-821\" src=\"https:\/\/ohrabrenje.hr\/wp-content\/uploads\/2026\/03\/IMG-20260312-WA0006-211x300.jpg\" alt=\"\" width=\"211\" height=\"300\" srcset=\"https:\/\/ohrabrenje.hr\/wp-content\/uploads\/2026\/03\/IMG-20260312-WA0006-211x300.jpg 211w, https:\/\/ohrabrenje.hr\/wp-content\/uploads\/2026\/03\/IMG-20260312-WA0006-722x1024.jpg 722w, https:\/\/ohrabrenje.hr\/wp-content\/uploads\/2026\/03\/IMG-20260312-WA0006-768x1089.jpg 768w, https:\/\/ohrabrenje.hr\/wp-content\/uploads\/2026\/03\/IMG-20260312-WA0006.jpg 994w\" sizes=\"auto, (max-width: 211px) 100vw, 211px\" \/><\/a><\/p>\n<hr \/>\n<p><a href=\"https:\/\/ohrabrenje.hr\/wp-content\/uploads\/2026\/01\/IMG-20260123-WA0003.jpg\"><img loading=\"lazy\" decoding=\"async\" class=\"aligncenter size-medium wp-image-760\" src=\"https:\/\/ohrabrenje.hr\/wp-content\/uploads\/2026\/01\/IMG-20260123-WA0003-300x251.jpg\" alt=\"\" width=\"300\" height=\"251\" srcset=\"https:\/\/ohrabrenje.hr\/wp-content\/uploads\/2026\/01\/IMG-20260123-WA0003-300x251.jpg 300w, https:\/\/ohrabrenje.hr\/wp-content\/uploads\/2026\/01\/IMG-20260123-WA0003-768x644.jpg 768w, https:\/\/ohrabrenje.hr\/wp-content\/uploads\/2026\/01\/IMG-20260123-WA0003.jpg 940w\" sizes=\"auto, (max-width: 300px) 100vw, 300px\" \/><\/a><\/p>\n<p>U subotu 21. 2. 2026. godine Udruga vjerou\u010ditelja Ohrabrenje organizirala je duhovnu obnovu za srednjo\u0161kolce u \u017dupi sv. Ivana XXIII., pape u Dubravi.\u00a0<a href=\"https:\/\/ohrabrenje.hr\/?page_id=6\">Pro\u010ditaj vi\u0161e.<\/a><\/p>\n<p>&nbsp;<\/p>\n<hr \/>\n<p><a href=\"https:\/\/ohrabrenje.hr\/wp-content\/uploads\/2026\/01\/IMG-20260122-WA0000.jpg\"><img loading=\"lazy\" decoding=\"async\" class=\"size-medium wp-image-734 alignleft\" src=\"https:\/\/ohrabrenje.hr\/wp-content\/uploads\/2026\/01\/IMG-20260122-WA0000-300x169.jpg\" alt=\"\" width=\"300\" height=\"169\" srcset=\"https:\/\/ohrabrenje.hr\/wp-content\/uploads\/2026\/01\/IMG-20260122-WA0000-300x169.jpg 300w, https:\/\/ohrabrenje.hr\/wp-content\/uploads\/2026\/01\/IMG-20260122-WA0000-1024x576.jpg 1024w, https:\/\/ohrabrenje.hr\/wp-content\/uploads\/2026\/01\/IMG-20260122-WA0000-768x432.jpg 768w, https:\/\/ohrabrenje.hr\/wp-content\/uploads\/2026\/01\/IMG-20260122-WA0000.jpg 1280w\" sizes=\"auto, (max-width: 300px) 100vw, 300px\" \/><\/a><a href=\"https:\/\/ohrabrenje.hr\/wp-content\/uploads\/2026\/01\/IMG-20260123-WA0000.jpg\"><img loading=\"lazy\" decoding=\"async\" class=\"size-medium wp-image-736 alignleft\" src=\"https:\/\/ohrabrenje.hr\/wp-content\/uploads\/2026\/01\/IMG-20260123-WA0000-300x169.jpg\" alt=\"\" width=\"300\" height=\"169\" srcset=\"https:\/\/ohrabrenje.hr\/wp-content\/uploads\/2026\/01\/IMG-20260123-WA0000-300x169.jpg 300w, https:\/\/ohrabrenje.hr\/wp-content\/uploads\/2026\/01\/IMG-20260123-WA0000-1024x576.jpg 1024w, https:\/\/ohrabrenje.hr\/wp-content\/uploads\/2026\/01\/IMG-20260123-WA0000-768x432.jpg 768w, https:\/\/ohrabrenje.hr\/wp-content\/uploads\/2026\/01\/IMG-20260123-WA0000.jpg 1280w\" sizes=\"auto, (max-width: 300px) 100vw, 300px\" \/><\/a><a href=\"https:\/\/ohrabrenje.hr\/wp-content\/uploads\/2026\/01\/IMG-20260124-WA0000.jpg\"><img loading=\"lazy\" decoding=\"async\" class=\"size-medium wp-image-737 alignleft\" src=\"https:\/\/ohrabrenje.hr\/wp-content\/uploads\/2026\/01\/IMG-20260124-WA0000-300x169.jpg\" alt=\"\" width=\"300\" height=\"169\" srcset=\"https:\/\/ohrabrenje.hr\/wp-content\/uploads\/2026\/01\/IMG-20260124-WA0000-300x169.jpg 300w, https:\/\/ohrabrenje.hr\/wp-content\/uploads\/2026\/01\/IMG-20260124-WA0000-1024x576.jpg 1024w, https:\/\/ohrabrenje.hr\/wp-content\/uploads\/2026\/01\/IMG-20260124-WA0000-768x432.jpg 768w, https:\/\/ohrabrenje.hr\/wp-content\/uploads\/2026\/01\/IMG-20260124-WA0000.jpg 1280w\" sizes=\"auto, (max-width: 300px) 100vw, 300px\" \/><\/a><a href=\"https:\/\/ohrabrenje.hr\/wp-content\/uploads\/2026\/01\/3d59d12a883c4ea88b0f81d6c785d5f8.jpg\"><img loading=\"lazy\" decoding=\"async\" class=\"size-medium wp-image-754 alignleft\" src=\"https:\/\/ohrabrenje.hr\/wp-content\/uploads\/2026\/01\/3d59d12a883c4ea88b0f81d6c785d5f8-300x169.jpg\" alt=\"\" width=\"300\" height=\"169\" srcset=\"https:\/\/ohrabrenje.hr\/wp-content\/uploads\/2026\/01\/3d59d12a883c4ea88b0f81d6c785d5f8-300x169.jpg 300w, https:\/\/ohrabrenje.hr\/wp-content\/uploads\/2026\/01\/3d59d12a883c4ea88b0f81d6c785d5f8-1024x576.jpg 1024w, https:\/\/ohrabrenje.hr\/wp-content\/uploads\/2026\/01\/3d59d12a883c4ea88b0f81d6c785d5f8-768x432.jpg 768w, https:\/\/ohrabrenje.hr\/wp-content\/uploads\/2026\/01\/3d59d12a883c4ea88b0f81d6c785d5f8.jpg 1280w\" sizes=\"auto, (max-width: 300px) 100vw, 300px\" \/><\/a><\/p>\n<p>&nbsp;<\/p>\n<p>&nbsp;<\/p>\n<p>&nbsp;<\/p>\n<p>&nbsp;<\/p>\n<p>&nbsp;<\/p>\n<p>&nbsp;<\/p>\n<p>&nbsp;<\/p>\n<p>&nbsp;<\/p>\n<p>&nbsp;<\/p>\n<hr \/>\n<h4>U <a href=\"https:\/\/www.ks.hr\/kana\/1004601-kana-br112024.html\"><em>Kani<\/em><\/a> za studeni 2024. pro\u010ditajte intervju sa Suzanom Mravunac, predsjednicom udruge Ohrabrenje<\/h4>\n<h3><a href=\"https:\/\/www.ks.hr\/kana\/1004601-kana-br112024.html\"><img loading=\"lazy\" decoding=\"async\" class=\"aligncenter size-medium wp-image-602\" src=\"https:\/\/ohrabrenje.hr\/wp-content\/uploads\/2024\/11\/kana-br112024-300x300.jpg\" alt=\"\" width=\"300\" height=\"300\" srcset=\"https:\/\/ohrabrenje.hr\/wp-content\/uploads\/2024\/11\/kana-br112024-300x300.jpg 300w, https:\/\/ohrabrenje.hr\/wp-content\/uploads\/2024\/11\/kana-br112024-150x150.jpg 150w, https:\/\/ohrabrenje.hr\/wp-content\/uploads\/2024\/11\/kana-br112024-768x768.jpg 768w, https:\/\/ohrabrenje.hr\/wp-content\/uploads\/2024\/11\/kana-br112024.jpg 800w\" sizes=\"auto, (max-width: 300px) 100vw, 300px\" \/><\/a><\/h3>\n<p><!--more--><\/p>\n<hr \/>\n<h4><span style=\"color: #800000;\">Predstavljanje na\u0161e Udruge na HKR-u<\/span><\/h4>\n<p><a href=\"https:\/\/ohrabrenje.hr\/wp-content\/uploads\/2024\/06\/IMG-20240603-WA0001.jpg\"><img loading=\"lazy\" decoding=\"async\" class=\"wp-image-577 size-medium aligncenter\" src=\"https:\/\/ohrabrenje.hr\/wp-content\/uploads\/2024\/06\/IMG-20240603-WA0001-300x225.jpg\" alt=\"\" width=\"300\" height=\"225\" srcset=\"https:\/\/ohrabrenje.hr\/wp-content\/uploads\/2024\/06\/IMG-20240603-WA0001-300x225.jpg 300w, https:\/\/ohrabrenje.hr\/wp-content\/uploads\/2024\/06\/IMG-20240603-WA0001-1024x768.jpg 1024w, https:\/\/ohrabrenje.hr\/wp-content\/uploads\/2024\/06\/IMG-20240603-WA0001-768x576.jpg 768w, https:\/\/ohrabrenje.hr\/wp-content\/uploads\/2024\/06\/IMG-20240603-WA0001-1536x1152.jpg 1536w, https:\/\/ohrabrenje.hr\/wp-content\/uploads\/2024\/06\/IMG-20240603-WA0001-136x102.jpg 136w, https:\/\/ohrabrenje.hr\/wp-content\/uploads\/2024\/06\/IMG-20240603-WA0001.jpg 2048w\" sizes=\"auto, (max-width: 300px) 100vw, 300px\" \/><\/a><\/p>\n<p>U ponedjeljak 3. svibnja 2024. godine, u emisiji HKR-a \u201ePametna pitanja za pametne glave\u201c urednice i voditeljice Snje\u017eane Kirini\u0107 Grubi\u0107 dobili smo priliku predstaviti na\u0161u udrugu i podsjetiti se kako smo i kada zapo\u010deli s idejom Udruge vjerou\u010ditelja, koji su nam ciljevi, tko su na\u0161i \u010dlanovi, koje je podru\u010dje na\u0161eg djelovanja, tko nam se mo\u017ee pridru\u017eiti, na \u010demu se nadahnjujemo, \u0161to smo sve dosad ostvarili, na \u0161to smo posebno ponosni, koji su nam planovi\u2026<\/p>\n<p>Za sve koji su propustili emisiju, a zanima ih rad na\u0161e Udruge, snimku emisije mo\u017eete poslu\u0161ati putem Arhive HKR-a ili na sljede\u0107oj poveznici.<\/p>\n<p><a href=\"https:\/\/soundcloud.com\/hrvatska-katolicka-mreza\/pametna-pitanja-za-pametne-glave-030624\">Stream Pametna pitanja za pametne glave &#8211; 03.06.24. by Hrvatska katoli\u010dka mre\u017ea | Listen online for free on SoundCloud<\/a><\/p>\n<hr \/>\n<h4><span style=\"color: #993366;\">Litanije sv. Ananije Dama\u0161\u0107anskog<\/span><\/h4>\n<h3><a href=\"https:\/\/ohrabrenje.hr\/wp-content\/uploads\/2024\/01\/IMG-20240125-WA0001.jpg\"><img loading=\"lazy\" decoding=\"async\" class=\"aligncenter size-medium wp-image-534\" src=\"https:\/\/ohrabrenje.hr\/wp-content\/uploads\/2024\/01\/IMG-20240125-WA0001-300x169.jpg\" alt=\"\" width=\"300\" height=\"169\" srcset=\"https:\/\/ohrabrenje.hr\/wp-content\/uploads\/2024\/01\/IMG-20240125-WA0001-300x169.jpg 300w, https:\/\/ohrabrenje.hr\/wp-content\/uploads\/2024\/01\/IMG-20240125-WA0001-1024x576.jpg 1024w, https:\/\/ohrabrenje.hr\/wp-content\/uploads\/2024\/01\/IMG-20240125-WA0001-768x432.jpg 768w, https:\/\/ohrabrenje.hr\/wp-content\/uploads\/2024\/01\/IMG-20240125-WA0001.jpg 1280w\" sizes=\"auto, (max-width: 300px) 100vw, 300px\" \/><\/a><\/h3>\n<hr \/>\n<h4><span style=\"color: #993366;\">Sv. Ananija Dama\u0161\u0107anski, uzor i nadahnu\u0107e udruge vjerou\u010ditelja Ohrabrenje<\/span><\/h4>\n<p>Osnivaju\u0107i vjerou\u010diteljsku udrugu Ohrabrenje razmi\u0161ljali smo i o svecu koji bi nam poslu\u017eio kao uzor i nadahnu\u0107e u na\u0161em vjerou\u010diteljskom poslanju i u \u010diji bismo se molitveni zagovor uzdali. Spominju\u0107i razli\u010dite prijedloge uvidjeli smo koliko svetih uzora imamo i pod kojim se sve vidovima mo\u017ee promatrati na\u0161e poslanje. Ipak, budu\u0107i da smo se htjeli opredijeliti za jednu osobu, izbor je pao na sv. Ananiju. Na sveca kojega smo zajedni\u010dki zapo\u010deli upoznavati i otkrivati svo bogatstvo onoga \u0161to o njemu u Bibliji pi\u0161e i \u0161to se, uz malo pobo\u017ene ma\u0161te, mo\u017ee o njemu zaklju\u010diti.<\/p>\n<p><strong>\u017divotopis sv. Ananije<\/strong><\/p>\n<p>\u017divotopis sv. Ananije nam govori da je bio jedan od sedamdesetorice Isusovih u\u010denika te je postao prvi biskup u Damasku. U Damasku postoji ku\u0107a za koju se vjeruje da je pripadala sv. Ananiji i da je u njoj boravio neko vrijeme nakon obra\u0107enja i sv. Pavao. U Ananijinu ku\u0107u podjednako hodo\u010daste i kr\u0161\u0107ani i muslimani.<\/p>\n<p>Sv. Ananija je propovijedao evan\u0111elje u Damasku i okolnim krajevima. Tijekom jednog navije\u0161tanja evan\u0111elja u gradu Eleutherapolisu ga je gradski upravitelj dao zatvoriti i bi\u010devati, a potom je i ubijen kamenovanjem 10. listopada 40. g. Kr\u0161\u0107ani su njegovo tijelo prenijeli u Damask.<\/p>\n<p>Spomendan sv. Ananije je 25. sije\u010dnja. Na isti dan kada se u Crkvi slavi i blagdan obra\u0107enja sv. Pavla.<\/p>\n<p><strong>Biblijski Ananija<\/strong><\/p>\n<p>Sv. Pavao je vrijeme svog boravka u Damasku proveo u Ananijinom dru\u0161tvu. Ananija mu je bio prvi svjedok i u\u010ditelj vjere. Pravi vjerou\u010ditelj. Ananija je pomagao i u spa\u0161avanju sv. Pavla, odnosno u njegovom bijegu iz opkoljenog Damaska.<\/p>\n<p>Zapise o sv. Ananiji nalazimo u Djelima apostolskim. Prije svega u devetom poglavlju (v. Dj 9,10-25) u kojem se opisuje \u010dudesni susret progonjenoga Krista i progonitelja Savla te njegovo milosno obra\u0107enje. Sv. Pavao, prisje\u0107aju\u0107i se svoga obra\u0107enja, tako\u0111er spominje sv. Ananiju iz Damaska i o tome nam postoji zapis u dvadeset drugom poglavlju Djela apostolskih (v. Dj 22,12-16). O svom obra\u0107enju, dodu\u0161e bez spominjanja sv. Ananije, sv. Pavao pi\u0161e i u poslanici Gala\u0107anima (v. Gal 1,13-17), a u Drugoj poslanici Korin\u0107anima, spominje spektakularni bijeg iz Damaska u kojemu je, mo\u017eemo s velikom sigurno\u0161\u0107u pretpostaviti, sudjelovao i sv. Ananija (v. 2 Kor 11,31-33).<\/p>\n<p><strong>Pobo\u017ean i na dobru glasu<\/strong><\/p>\n<p>Iz kratkih zapisa \u0161to se nalaze u Svetom Pismu o sv. Ananiji Dama\u0161\u0107anskom te uz pobo\u017enu ma\u0161tu, mo\u017eemo prona\u0107i mno\u0161tvo poticaja za vjerou\u010diteljski \u017eivot i djelovanje. Njih se redovito prisje\u0107amo o godi\u0161njem spomendanu sv. Ananije kada u trodnevnici apostrofiramo neke aspekte po kojima nam sv. Ananija mo\u017ee biti uzor i nadahnu\u0107e.<\/p>\n<p>U nadi da \u0107e nam se sv. Ananija neprestano ukazivati kao onaj koji nam mo\u017ee biti poticaj u vjerou\u010diteljskoj slu\u017ebi, zavr\u0161avamo molitvom:<\/p>\n<p><em>Bo<\/em><em>\u017e<\/em><em>e, po \u017eivotu sv. Ananije pokazao si nam kako trebamo \u017eivjeti odnos s tobom i s ljudima. Pomozi nam da po njegovom primjeru budemo svjedoci ljepote Kraljevstva nebeskoga, a da istodobno nastojimo svima koje susre\u0107emo blizinom i dobrotom u\u010diniti boljim \u017eivot na zemlji. Po Kristu, Gospodinu na\u0161emu. Amen<\/em><\/p>\n<p><em>O\u010de na\u0161\u2026 Zdravo Marijo\u2026 Slava Ocu\u2026<\/em><\/p>\n<hr \/>\n<h4><a href=\"https:\/\/ohrabrenje.hr\/?p=370\">Vjeronauk i mistagogija<\/a><\/h4>\n<hr \/>\n<h4><strong><a href=\"https:\/\/ohrabrenje.hr\/?p=355\">Kriti\u010dko mi\u0161ljenje \u2013 e-Savjetovanje \u2013 Udruga vjerou\u010ditelja Ohrabrenje<\/a><\/strong><\/h4>\n<hr \/>\n<p><a href=\"https:\/\/ohrabrenje.hr\/?p=324\"><img loading=\"lazy\" decoding=\"async\" class=\"wp-image-326 size-medium aligncenter\" src=\"https:\/\/ohrabrenje.hr\/wp-content\/uploads\/2022\/07\/Biblija-danas-199x300.jpg\" alt=\"\" width=\"199\" height=\"300\" srcset=\"https:\/\/ohrabrenje.hr\/wp-content\/uploads\/2022\/07\/Biblija-danas-199x300.jpg 199w, https:\/\/ohrabrenje.hr\/wp-content\/uploads\/2022\/07\/Biblija-danas-681x1024.jpg 681w, https:\/\/ohrabrenje.hr\/wp-content\/uploads\/2022\/07\/Biblija-danas-768x1155.jpg 768w, https:\/\/ohrabrenje.hr\/wp-content\/uploads\/2022\/07\/Biblija-danas-400x600.jpg 400w, https:\/\/ohrabrenje.hr\/wp-content\/uploads\/2022\/07\/Biblija-danas.jpg 851w\" sizes=\"auto, (max-width: 199px) 100vw, 199px\" \/><\/a><\/p>\n<hr \/>\n<p><a href=\"https:\/\/ohrabrenje.hr\/?p=335\"><img loading=\"lazy\" decoding=\"async\" class=\"aligncenter wp-image-336 size-medium\" src=\"https:\/\/ohrabrenje.hr\/wp-content\/uploads\/2022\/07\/Suvreme-met-219x300.jpg\" alt=\"\" width=\"219\" height=\"300\" srcset=\"https:\/\/ohrabrenje.hr\/wp-content\/uploads\/2022\/07\/Suvreme-met-219x300.jpg 219w, https:\/\/ohrabrenje.hr\/wp-content\/uploads\/2022\/07\/Suvreme-met.jpg 553w\" sizes=\"auto, (max-width: 219px) 100vw, 219px\" \/><\/a><\/p>\n<hr \/>\n<p><strong><br \/>\n<a href=\"https:\/\/ohrabrenje.hr\/wp-content\/uploads\/2022\/06\/Pristupnica-6_22.docx\" target=\"_blank\" rel=\"noopener\">OVDJE MO\u017dETE DOBITI PRISTUPNICU<\/a><\/strong><\/p>\n<hr \/>\n<p><a href=\"https:\/\/ohrabrenje.hr\/wp-content\/uploads\/2022\/02\/Duhov-obnova-2020.jpg\"><img loading=\"lazy\" decoding=\"async\" class=\"alignnone wp-image-195 size-medium\" src=\"https:\/\/ohrabrenje.hr\/wp-content\/uploads\/2022\/02\/Duhov-obnova-2020-300x270.jpg\" alt=\"\" width=\"300\" height=\"270\" srcset=\"https:\/\/ohrabrenje.hr\/wp-content\/uploads\/2022\/02\/Duhov-obnova-2020-300x270.jpg 300w, https:\/\/ohrabrenje.hr\/wp-content\/uploads\/2022\/02\/Duhov-obnova-2020-768x691.jpg 768w, https:\/\/ohrabrenje.hr\/wp-content\/uploads\/2022\/02\/Duhov-obnova-2020.jpg 795w\" sizes=\"auto, (max-width: 300px) 100vw, 300px\" \/><\/a><br \/>\nDuhovna obnova &#8211; 2020.<\/p>\n<hr \/>\n<p><iframe loading=\"lazy\" title=\"Predstavljanje Udruge vjerou\u010ditelja Ohrabrenje i predavanje vjerou\u010ditelja Nikole Kuzmi\u010di\u0107a\" width=\"640\" height=\"360\" src=\"https:\/\/www.youtube.com\/embed\/Jj8F3pzJY8A?feature=oembed\" frameborder=\"0\" allow=\"accelerometer; autoplay; clipboard-write; encrypted-media; gyroscope; picture-in-picture; web-share\" referrerpolicy=\"strict-origin-when-cross-origin\" allowfullscreen><\/iframe><\/p>\n<p><strong>Djelatnosti udruge UV Ohrabrenje<\/strong><\/p>\n<p style=\"padding-left: 40px;\">\u2013 organizacija edukacija o kr\u0161\u0107anskim vrijednostima te promocija istih putem predavanja, seminara, radionica, konferencija, okruglih stolova i kulturnih manifestacija<br \/>\n\u2013 podupiranje formacije na duhovnom podru\u010dju<br \/>\n\u2013 sura\u0111ivanje s udrugama, organizacijama i institucijama u RH i u inozemstvu<br \/>\n\u2013 sudjelovanje u medijima u svrhu promocije aktivnosti Udruge<br \/>\n\u2013 organiziranje dobrotvornih priredbi, koncerata i ostalih kulturno-sportskih humanitarnih akcija sukladno ciljevima Udruge<br \/>\n\u2013 predlaganje projekata i programa nadle\u017enim institucijama i drugim pravnim osobama u svrhu promicanja ciljeva Udruge<br \/>\n\u2013 izdava\u010dka djelatnost sukladno ciljevima Udruge<\/p>\n<hr \/>\n<p>Nakon rasprave stru\u010dne i \u0161ire javnosti u Republici Hrvatskoj provedene tijekom 1990.\/1991. god., Ministarstvo prosvjete i kulture donijelo je odluku o <strong>uvo\u0111enju<\/strong> vjerskog odgoja i obrazovanja u osnovne i srednje \u0161kole po\u010dev\u0161i od \u0161kolske godine 1991.\/92.<br \/>\nKatoli\u010dki je vjeronauk (kao i svaki drugi konfesionalni vjeronauk) <strong>izborni predmet<\/strong>. Uvo\u0111enje vjeronauka u \u0161kolu kao izbornog predmeta utemeljeno je i s <strong>antropolo\u0161kog-pedago\u0161kog stajali\u0161ta<\/strong>. Suvremeno pluralno i multikulturalno dru\u0161tvo, kakvo je i na\u0161e u Hrvatskoj, tra\u017ei pluralni i interkulturalni pristup u cjelokupnom \u0161kolskom odgojno-obrazovnom sustavu.<br \/>\nOsobito navodimo slijede\u0107e <strong>op\u0107e ciljeve<\/strong>:<br \/>\n&#8211; <strong>senzibilizirati<\/strong> u\u010denike za religioznu dimenziju (osjetljivost za otvorenost prema transcendentnom);<br \/>\n&#8211; <strong>osposobljavati<\/strong> u\u010denike za postavljanje pitanja o cjelini i najdubljem smislu \u010dovjekova \u017eivota i svijeta;<br \/>\n&#8211; <strong>pomo\u0107i<\/strong> u\u010denicima u odgovornom, kvalitetnom i kreativnom oblikovanju vlastitog pojedina\u010dnog i zajedni\u010dkog \u017eivota. (Izdvojeno iz Plana i programa vjerskog odgoja i obrazovanja)<br \/>\nVjeronauk je stvarala\u010dko-komunikacijski \u010din\/proces koji ima za cilj odgoj i obrazovanje u vjeri djece i mladih u svim dimenzija.<\/p>\n","protected":false},"excerpt":{"rendered":"<p>U subotu 21. 2. 2026. godine Udruga vjerou\u010ditelja Ohrabrenje organizirala je duhovnu obnovu za srednjo\u0161kolce u \u017dupi sv. Ivana XXIII., pape u Dubravi.\u00a0Pro\u010ditaj vi\u0161e. &nbsp; &nbsp; &nbsp; &nbsp; &nbsp; &nbsp; &nbsp; &nbsp; &nbsp; &nbsp; U Kani za studeni 2024. pro\u010ditajte intervju sa Suzanom Mravunac, predsjednicom udruge Ohrabrenje<\/p>\n","protected":false},"author":1,"featured_media":0,"parent":0,"menu_order":0,"comment_status":"closed","ping_status":"closed","template":"","meta":{"footnotes":""},"class_list":["post-5","page","type-page","status-publish","hentry"],"_links":{"self":[{"href":"https:\/\/ohrabrenje.hr\/index.php?rest_route=\/wp\/v2\/pages\/5","targetHints":{"allow":["GET"]}}],"collection":[{"href":"https:\/\/ohrabrenje.hr\/index.php?rest_route=\/wp\/v2\/pages"}],"about":[{"href":"https:\/\/ohrabrenje.hr\/index.php?rest_route=\/wp\/v2\/types\/page"}],"author":[{"embeddable":true,"href":"https:\/\/ohrabrenje.hr\/index.php?rest_route=\/wp\/v2\/users\/1"}],"replies":[{"embeddable":true,"href":"https:\/\/ohrabrenje.hr\/index.php?rest_route=%2Fwp%2Fv2%2Fcomments&post=5"}],"version-history":[{"count":237,"href":"https:\/\/ohrabrenje.hr\/index.php?rest_route=\/wp\/v2\/pages\/5\/revisions"}],"predecessor-version":[{"id":825,"href":"https:\/\/ohrabrenje.hr\/index.php?rest_route=\/wp\/v2\/pages\/5\/revisions\/825"}],"wp:attachment":[{"href":"https:\/\/ohrabrenje.hr\/index.php?rest_route=%2Fwp%2Fv2%2Fmedia&parent=5"}],"curies":[{"name":"wp","href":"https:\/\/api.w.org\/{rel}","templated":true}]}}